{"id":7,"date":"2010-08-13T17:00:54","date_gmt":"2010-08-13T17:00:54","guid":{"rendered":"http:\/\/localhost:8888\/pure\/?page_id=2"},"modified":"2020-10-14T07:48:50","modified_gmt":"2020-10-14T07:48:50","slug":"about-me","status":"publish","type":"page","link":"https:\/\/davidmoralesh.com\/es\/about-me\/","title":{"rendered":"About"},"content":{"rendered":"<div data-elementor-type=\"wp-post\" data-elementor-id=\"7\" class=\"elementor elementor-7\">\n\t\t\t\t\t\t<section class=\"elementor-section elementor-top-section elementor-element elementor-element-040375b elementor-section-boxed elementor-section-height-default elementor-section-height-default\" data-id=\"040375b\" data-element_type=\"section\">\n\t\t\t\t\t\t<div class=\"elementor-container elementor-column-gap-default\">\n\t\t\t\t\t<div class=\"elementor-column elementor-col-100 elementor-top-column elementor-element elementor-element-a9a2c53\" data-id=\"a9a2c53\" data-element_type=\"column\">\n\t\t\t<div class=\"elementor-widget-wrap elementor-element-populated\">\n\t\t\t\t\t\t\t<\/div>\n\t\t<\/div>\n\t\t\t\t\t<\/div>\n\t\t<\/section>\n\t\t\t\t<section class=\"elementor-section elementor-top-section elementor-element elementor-element-0eac513 elementor-section-full_width elementor-section-height-default elementor-section-height-default\" data-id=\"0eac513\" data-element_type=\"section\">\n\t\t\t\t\t\t<div class=\"elementor-container elementor-column-gap-default\">\n\t\t\t\t\t<div class=\"elementor-column elementor-col-25 elementor-top-column elementor-element elementor-element-0ee1853\" data-id=\"0ee1853\" data-element_type=\"column\">\n\t\t\t<div class=\"elementor-widget-wrap\">\n\t\t\t\t\t\t\t<\/div>\n\t\t<\/div>\n\t\t\t\t<div class=\"elementor-column elementor-col-50 elementor-top-column elementor-element elementor-element-60960c2\" data-id=\"60960c2\" data-element_type=\"column\">\n\t\t\t<div class=\"elementor-widget-wrap elementor-element-populated\">\n\t\t\t\t\t\t<div class=\"elementor-element elementor-element-2ef21fc elementor-widget elementor-widget-image\" data-id=\"2ef21fc\" data-element_type=\"widget\" data-widget_type=\"image.default\">\n\t\t\t\t<div class=\"elementor-widget-container\">\n\t\t\t\t\t\t\t\t\t\t\t\t\t\t\t<img fetchpriority=\"high\" decoding=\"async\" width=\"1024\" height=\"683\" src=\"https:\/\/davidmoralesh.com\/wp-content\/uploads\/2020\/06\/david-2-1024x683.jpg\" class=\"attachment-large size-large wp-image-3774\" alt=\"\" srcset=\"https:\/\/davidmoralesh.com\/wp-content\/uploads\/2020\/06\/david-2-1024x683.jpg 1024w, https:\/\/davidmoralesh.com\/wp-content\/uploads\/2020\/06\/david-2-300x200.jpg 300w, https:\/\/davidmoralesh.com\/wp-content\/uploads\/2020\/06\/david-2-768x512.jpg 768w, https:\/\/davidmoralesh.com\/wp-content\/uploads\/2020\/06\/david-2-1536x1024.jpg 1536w, https:\/\/davidmoralesh.com\/wp-content\/uploads\/2020\/06\/david-2-2048x1365.jpg 2048w, https:\/\/davidmoralesh.com\/wp-content\/uploads\/2020\/06\/david-2-600x400.jpg 600w, https:\/\/davidmoralesh.com\/wp-content\/uploads\/2020\/06\/david-2-scaled-e1602699314794.jpg 800w\" sizes=\"(max-width: 1024px) 100vw, 1024px\" \/>\t\t\t\t\t\t\t\t\t\t\t\t\t\t\t<\/div>\n\t\t\t\t<\/div>\n\t\t\t\t<div class=\"elementor-element elementor-element-3579dbe elementor-widget elementor-widget-text-editor\" data-id=\"3579dbe\" data-element_type=\"widget\" data-widget_type=\"text-editor.default\">\n\t\t\t\t<div class=\"elementor-widget-container\">\n\t\t\t\t\t\t\t\t\t<p>Soy un arquitecto colombiano y artista de cuadernos ubicado entre Barcelona y mi ciudad natal Ibagu\u00e9, me apasiona profundamente la belleza de las cosas del mundo, que trato de plasmar en mis cuadernos. La primera vez que tom\u00e9 un cuaderno de bocetos, a principios de los 90, mientras estaba en la escuela de arquitectura, fue porque quer\u00eda comprender las proporciones y la materialidad de los edificios que me parec\u00edan interesantes. Esos cuadernos se convirtieron gradualmente en un objeto inseparable de mis viajes y mi trabajo de arquitectura. En 2018 inici\u00e9 un proyecto art\u00edstico llamado \u201cOne Day One Drawing\u201d donde represento mi entorno, mi familia y mis inquietudes a trav\u00e9s de un dibujo diario.<\/p>\t\t\t\t\t\t\t\t<\/div>\n\t\t\t\t<\/div>\n\t\t\t\t\t<\/div>\n\t\t<\/div>\n\t\t\t\t<div class=\"elementor-column elementor-col-25 elementor-top-column elementor-element elementor-element-f586ded\" data-id=\"f586ded\" data-element_type=\"column\">\n\t\t\t<div class=\"elementor-widget-wrap\">\n\t\t\t\t\t\t\t<\/div>\n\t\t<\/div>\n\t\t\t\t\t<\/div>\n\t\t<\/section>\n\t\t\t\t<\/div>","protected":false},"excerpt":{"rendered":"<p>I am a Colombian architect and notebook artist based between Barcelona and my hometown Ibagu\u00e9, I feel deeply passionate about the beauty in worldly things, which I try to capture in my notebooks. The first time I took a sketchbook, in the early 90\u2019s while I was in architecture school, was because I wanted to&#8230;<\/p>","protected":false},"author":4,"featured_media":0,"parent":0,"menu_order":0,"comment_status":"closed","ping_status":"closed","template":"","meta":{"footnotes":""},"class_list":["post-7","page","type-page","status-publish","hentry"],"yoast_head":"<!-- This site is optimized with the Yoast SEO plugin v26.4 - https:\/\/yoast.com\/wordpress\/plugins\/seo\/ -->\n<title>About - David Morales<\/title>\n<meta name=\"robots\" content=\"index, follow, max-snippet:-1, max-image-preview:large, max-video-preview:-1\" \/>\n<link rel=\"canonical\" href=\"https:\/\/davidmoralesh.com\/es\/about-me\/\" \/>\n<meta property=\"og:locale\" content=\"es_ES\" \/>\n<meta property=\"og:type\" content=\"article\" \/>\n<meta property=\"og:title\" content=\"About - David Morales\" \/>\n<meta property=\"og:description\" content=\"I am a Colombian architect and notebook artist based between Barcelona and my hometown Ibagu\u00e9, I feel deeply passionate about the beauty in worldly things, which I try to capture in my notebooks. The first time I took a sketchbook, in the early 90\u2019s while I was in architecture school, was because I wanted to...\" \/>\n<meta property=\"og:url\" content=\"https:\/\/davidmoralesh.com\/es\/about-me\/\" \/>\n<meta property=\"og:site_name\" content=\"David Morales\" \/>\n<meta property=\"article:modified_time\" content=\"2020-10-14T07:48:50+00:00\" \/>\n<meta property=\"og:image\" content=\"https:\/\/davidmoralesh.com\/wp-content\/uploads\/2020\/06\/david-2-1024x683.jpg\" \/>\n<meta name=\"twitter:card\" content=\"summary_large_image\" \/>\n<meta name=\"twitter:label1\" content=\"Tiempo de lectura\" \/>\n\t<meta name=\"twitter:data1\" content=\"1 minuto\" \/>\n<script type=\"application\/ld+json\" class=\"yoast-schema-graph\">{\"@context\":\"https:\/\/schema.org\",\"@graph\":[{\"@type\":\"WebPage\",\"@id\":\"https:\/\/davidmoralesh.com\/about-me\/\",\"url\":\"https:\/\/davidmoralesh.com\/about-me\/\",\"name\":\"About - David Morales\",\"isPartOf\":{\"@id\":\"https:\/\/davidmoralesh.com\/es\/#website\"},\"primaryImageOfPage\":{\"@id\":\"https:\/\/davidmoralesh.com\/about-me\/#primaryimage\"},\"image\":{\"@id\":\"https:\/\/davidmoralesh.com\/about-me\/#primaryimage\"},\"thumbnailUrl\":\"https:\/\/davidmoralesh.com\/wp-content\/uploads\/2020\/06\/david-2-1024x683.jpg\",\"datePublished\":\"2010-08-13T17:00:54+00:00\",\"dateModified\":\"2020-10-14T07:48:50+00:00\",\"breadcrumb\":{\"@id\":\"https:\/\/davidmoralesh.com\/about-me\/#breadcrumb\"},\"inLanguage\":\"es\",\"potentialAction\":[{\"@type\":\"ReadAction\",\"target\":[\"https:\/\/davidmoralesh.com\/about-me\/\"]}]},{\"@type\":\"ImageObject\",\"inLanguage\":\"es\",\"@id\":\"https:\/\/davidmoralesh.com\/about-me\/#primaryimage\",\"url\":\"https:\/\/davidmoralesh.com\/wp-content\/uploads\/2020\/06\/david-2-1024x683.jpg\",\"contentUrl\":\"https:\/\/davidmoralesh.com\/wp-content\/uploads\/2020\/06\/david-2-1024x683.jpg\"},{\"@type\":\"BreadcrumbList\",\"@id\":\"https:\/\/davidmoralesh.com\/about-me\/#breadcrumb\",\"itemListElement\":[{\"@type\":\"ListItem\",\"position\":1,\"name\":\"Home\",\"item\":\"https:\/\/davidmoralesh.com\/\"},{\"@type\":\"ListItem\",\"position\":2,\"name\":\"About\"}]},{\"@type\":\"WebSite\",\"@id\":\"https:\/\/davidmoralesh.com\/es\/#website\",\"url\":\"https:\/\/davidmoralesh.com\/es\/\",\"name\":\"David Morales\",\"description\":\"Sketch &amp; Illustration\",\"publisher\":{\"@id\":\"https:\/\/davidmoralesh.com\/es\/#organization\"},\"potentialAction\":[{\"@type\":\"SearchAction\",\"target\":{\"@type\":\"EntryPoint\",\"urlTemplate\":\"https:\/\/davidmoralesh.com\/es\/?s={search_term_string}\"},\"query-input\":{\"@type\":\"PropertyValueSpecification\",\"valueRequired\":true,\"valueName\":\"search_term_string\"}}],\"inLanguage\":\"es\"},{\"@type\":\"Organization\",\"@id\":\"https:\/\/davidmoralesh.com\/es\/#organization\",\"name\":\"David Morales\",\"url\":\"https:\/\/davidmoralesh.com\/es\/\",\"logo\":{\"@type\":\"ImageObject\",\"inLanguage\":\"es\",\"@id\":\"https:\/\/davidmoralesh.com\/es\/#\/schema\/logo\/image\/\",\"url\":\"https:\/\/davidmoralesh.com\/wp-content\/uploads\/2020\/11\/cropped-logo.jpg\",\"contentUrl\":\"https:\/\/davidmoralesh.com\/wp-content\/uploads\/2020\/11\/cropped-logo.jpg\",\"width\":900,\"height\":194,\"caption\":\"David Morales\"},\"image\":{\"@id\":\"https:\/\/davidmoralesh.com\/es\/#\/schema\/logo\/image\/\"}}]}<\/script>\n<!-- \/ Yoast SEO plugin. -->","yoast_head_json":{"title":"About - David Morales","robots":{"index":"index","follow":"follow","max-snippet":"max-snippet:-1","max-image-preview":"max-image-preview:large","max-video-preview":"max-video-preview:-1"},"canonical":"https:\/\/davidmoralesh.com\/es\/about-me\/","og_locale":"es_ES","og_type":"article","og_title":"About - David Morales","og_description":"I am a Colombian architect and notebook artist based between Barcelona and my hometown Ibagu\u00e9, I feel deeply passionate about the beauty in worldly things, which I try to capture in my notebooks. The first time I took a sketchbook, in the early 90\u2019s while I was in architecture school, was because I wanted to...","og_url":"https:\/\/davidmoralesh.com\/es\/about-me\/","og_site_name":"David Morales","article_modified_time":"2020-10-14T07:48:50+00:00","og_image":[{"url":"https:\/\/davidmoralesh.com\/wp-content\/uploads\/2020\/06\/david-2-1024x683.jpg","type":"","width":"","height":""}],"twitter_card":"summary_large_image","twitter_misc":{"Tiempo de lectura":"1 minuto"},"schema":{"@context":"https:\/\/schema.org","@graph":[{"@type":"WebPage","@id":"https:\/\/davidmoralesh.com\/about-me\/","url":"https:\/\/davidmoralesh.com\/about-me\/","name":"About - David Morales","isPartOf":{"@id":"https:\/\/davidmoralesh.com\/es\/#website"},"primaryImageOfPage":{"@id":"https:\/\/davidmoralesh.com\/about-me\/#primaryimage"},"image":{"@id":"https:\/\/davidmoralesh.com\/about-me\/#primaryimage"},"thumbnailUrl":"https:\/\/davidmoralesh.com\/wp-content\/uploads\/2020\/06\/david-2-1024x683.jpg","datePublished":"2010-08-13T17:00:54+00:00","dateModified":"2020-10-14T07:48:50+00:00","breadcrumb":{"@id":"https:\/\/davidmoralesh.com\/about-me\/#breadcrumb"},"inLanguage":"es","potentialAction":[{"@type":"ReadAction","target":["https:\/\/davidmoralesh.com\/about-me\/"]}]},{"@type":"ImageObject","inLanguage":"es","@id":"https:\/\/davidmoralesh.com\/about-me\/#primaryimage","url":"https:\/\/davidmoralesh.com\/wp-content\/uploads\/2020\/06\/david-2-1024x683.jpg","contentUrl":"https:\/\/davidmoralesh.com\/wp-content\/uploads\/2020\/06\/david-2-1024x683.jpg"},{"@type":"BreadcrumbList","@id":"https:\/\/davidmoralesh.com\/about-me\/#breadcrumb","itemListElement":[{"@type":"ListItem","position":1,"name":"Home","item":"https:\/\/davidmoralesh.com\/"},{"@type":"ListItem","position":2,"name":"About"}]},{"@type":"WebSite","@id":"https:\/\/davidmoralesh.com\/es\/#website","url":"https:\/\/davidmoralesh.com\/es\/","name":"David Morales","description":"Sketch &amp; Illustration","publisher":{"@id":"https:\/\/davidmoralesh.com\/es\/#organization"},"potentialAction":[{"@type":"SearchAction","target":{"@type":"EntryPoint","urlTemplate":"https:\/\/davidmoralesh.com\/es\/?s={search_term_string}"},"query-input":{"@type":"PropertyValueSpecification","valueRequired":true,"valueName":"search_term_string"}}],"inLanguage":"es"},{"@type":"Organization","@id":"https:\/\/davidmoralesh.com\/es\/#organization","name":"David Morales","url":"https:\/\/davidmoralesh.com\/es\/","logo":{"@type":"ImageObject","inLanguage":"es","@id":"https:\/\/davidmoralesh.com\/es\/#\/schema\/logo\/image\/","url":"https:\/\/davidmoralesh.com\/wp-content\/uploads\/2020\/11\/cropped-logo.jpg","contentUrl":"https:\/\/davidmoralesh.com\/wp-content\/uploads\/2020\/11\/cropped-logo.jpg","width":900,"height":194,"caption":"David Morales"},"image":{"@id":"https:\/\/davidmoralesh.com\/es\/#\/schema\/logo\/image\/"}}]}},"_links":{"self":[{"href":"https:\/\/davidmoralesh.com\/es\/wp-json\/wp\/v2\/pages\/7","targetHints":{"allow":["GET"]}}],"collection":[{"href":"https:\/\/davidmoralesh.com\/es\/wp-json\/wp\/v2\/pages"}],"about":[{"href":"https:\/\/davidmoralesh.com\/es\/wp-json\/wp\/v2\/types\/page"}],"author":[{"embeddable":true,"href":"https:\/\/davidmoralesh.com\/es\/wp-json\/wp\/v2\/users\/4"}],"replies":[{"embeddable":true,"href":"https:\/\/davidmoralesh.com\/es\/wp-json\/wp\/v2\/comments?post=7"}],"version-history":[{"count":92,"href":"https:\/\/davidmoralesh.com\/es\/wp-json\/wp\/v2\/pages\/7\/revisions"}],"predecessor-version":[{"id":4245,"href":"https:\/\/davidmoralesh.com\/es\/wp-json\/wp\/v2\/pages\/7\/revisions\/4245"}],"wp:attachment":[{"href":"https:\/\/davidmoralesh.com\/es\/wp-json\/wp\/v2\/media?parent=7"}],"curies":[{"name":"wp","href":"https:\/\/api.w.org\/{rel}","templated":true}]}}