{"id":3697,"date":"2020-06-02T05:37:52","date_gmt":"2020-06-02T05:37:52","guid":{"rendered":"https:\/\/davidmorales.store\/?post_type=product&#038;p=3697"},"modified":"2020-12-04T22:25:32","modified_gmt":"2020-12-04T22:25:32","slug":"el-estanque","status":"publish","type":"product","link":"https:\/\/davidmoralesh.com\/es\/producto\/el-estanque\/","title":{"rendered":"EL ESTANQUE"},"content":{"rendered":"<p>Tengo que reconocer mi atracci\u00f3n por los estanques peque\u00f1os, trato de construir uno en todos los lugares que puedo y me encanta estar cerca de ellos. dibujarlos es lo m\u00e1s cercano que estoy a la meditaci\u00f3n.<\/p>\n<p>&nbsp;<\/p>","protected":false},"excerpt":{"rendered":"<p>El precio de env\u00edo no est\u00e1 incluido.<\/p>\n<ul>\n<li>Las impresiones tienen coordenadas y la fecha en que se dibuj\u00f3, puede verificar esa fecha y ubicaci\u00f3n en mi perfil de IG y normalmente encontrar\u00e1 el boceto original frente a la escena dibujada.<\/li>\n<li>La mayor\u00eda de las veces, los bocetos se encuentran en espacios p\u00fablicos donde el servicio de street view est\u00e1 disponible, las coordenadas lo llevar\u00e1n al lugar exacto donde se dibuj\u00f3 originalmente el boceto.<\/li>\n<li>Sin enmarcar<\/li>\n<li>Las impresiones de tama\u00f1o 15 x 20 cms no tienen el sello rojo hanko<\/li>\n<li>Impresi\u00f3n digital sobre papel de acuarela de 190 gr, 100% algod\u00f3n, libre de \u00e1cidos con tinta Epson al agua Ultrachrome pro.<\/li>\n<li>El tama\u00f1o incluye bordes<\/li>\n<\/ul>","protected":false},"featured_media":4074,"comment_status":"open","ping_status":"closed","template":"","meta":[],"product_brand":[],"product_cat":[100],"product_tag":[111,120,113,108],"class_list":{"0":"post-3697","1":"product","2":"type-product","3":"status-publish","4":"has-post-thumbnail","6":"product_cat-prints","7":"product_tag-bw","8":"product_tag-horizontal","9":"product_tag-ink","10":"product_tag-nature","12":"first","13":"instock","14":"shipping-taxable","15":"purchasable","16":"product-type-variable"},"yoast_head":"<!-- This site is optimized with the Yoast SEO plugin v26.4 - https:\/\/yoast.com\/wordpress\/plugins\/seo\/ -->\n<title>EL ESTANQUE - David Morales<\/title>\n<meta name=\"robots\" content=\"index, follow, max-snippet:-1, max-image-preview:large, max-video-preview:-1\" \/>\n<link rel=\"canonical\" href=\"https:\/\/davidmoralesh.com\/es\/producto\/el-estanque\/\" \/>\n<meta property=\"og:locale\" content=\"es_ES\" \/>\n<meta property=\"og:type\" content=\"article\" \/>\n<meta property=\"og:title\" content=\"EL ESTANQUE - David Morales\" \/>\n<meta property=\"og:description\" content=\"Shipping price is not included   Prints have\u00a0coordinates and the date it was sketched, you can check that date and location at my IG profile and normally you will find the original sketch in front of the subject.  Most of the times sketches are located in public spaces where street view is available, coordinates will take you to the exact place where the sketch was originally drawn  Not framed  15 x 20 cms size prints don\u00b4t have the red seal hanko  Digital print on 190 gr watercolor paper, 100% cotton,\u00a0acid free with Epson water based ink Ultrachrome pro.  Size including borders\" \/>\n<meta property=\"og:url\" content=\"https:\/\/davidmoralesh.com\/es\/producto\/el-estanque\/\" \/>\n<meta property=\"og:site_name\" content=\"David Morales\" \/>\n<meta property=\"article:modified_time\" content=\"2020-12-04T22:25:32+00:00\" \/>\n<meta property=\"og:image\" content=\"https:\/\/davidmoralesh.com\/wp-content\/uploads\/2020\/06\/estcompleto-1024x637.jpg\" \/>\n\t<meta property=\"og:image:width\" content=\"1024\" \/>\n\t<meta property=\"og:image:height\" content=\"637\" \/>\n\t<meta property=\"og:image:type\" content=\"image\/jpeg\" \/>\n<meta name=\"twitter:card\" content=\"summary_large_image\" \/>\n<script type=\"application\/ld+json\" class=\"yoast-schema-graph\">{\"@context\":\"https:\/\/schema.org\",\"@graph\":[{\"@type\":\"WebPage\",\"@id\":\"https:\/\/davidmoralesh.com\/product\/el-estanque\/\",\"url\":\"https:\/\/davidmoralesh.com\/product\/el-estanque\/\",\"name\":\"EL ESTANQUE - David Morales\",\"isPartOf\":{\"@id\":\"https:\/\/davidmoralesh.com\/es\/#website\"},\"primaryImageOfPage\":{\"@id\":\"https:\/\/davidmoralesh.com\/product\/el-estanque\/#primaryimage\"},\"image\":{\"@id\":\"https:\/\/davidmoralesh.com\/product\/el-estanque\/#primaryimage\"},\"thumbnailUrl\":\"https:\/\/davidmoralesh.com\/wp-content\/uploads\/2020\/06\/estcompleto.jpg\",\"datePublished\":\"2020-06-02T05:37:52+00:00\",\"dateModified\":\"2020-12-04T22:25:32+00:00\",\"breadcrumb\":{\"@id\":\"https:\/\/davidmoralesh.com\/product\/el-estanque\/#breadcrumb\"},\"inLanguage\":\"es\",\"potentialAction\":[{\"@type\":\"ReadAction\",\"target\":[\"https:\/\/davidmoralesh.com\/product\/el-estanque\/\"]}]},{\"@type\":\"ImageObject\",\"inLanguage\":\"es\",\"@id\":\"https:\/\/davidmoralesh.com\/product\/el-estanque\/#primaryimage\",\"url\":\"https:\/\/davidmoralesh.com\/wp-content\/uploads\/2020\/06\/estcompleto.jpg\",\"contentUrl\":\"https:\/\/davidmoralesh.com\/wp-content\/uploads\/2020\/06\/estcompleto.jpg\",\"width\":2500,\"height\":1555},{\"@type\":\"BreadcrumbList\",\"@id\":\"https:\/\/davidmoralesh.com\/product\/el-estanque\/#breadcrumb\",\"itemListElement\":[{\"@type\":\"ListItem\",\"position\":1,\"name\":\"Home\",\"item\":\"https:\/\/davidmoralesh.com\/\"},{\"@type\":\"ListItem\",\"position\":2,\"name\":\"Shop\",\"item\":\"https:\/\/davidmoralesh.com\/shop\/\"},{\"@type\":\"ListItem\",\"position\":3,\"name\":\"EL ESTANQUE\"}]},{\"@type\":\"WebSite\",\"@id\":\"https:\/\/davidmoralesh.com\/es\/#website\",\"url\":\"https:\/\/davidmoralesh.com\/es\/\",\"name\":\"David Morales\",\"description\":\"Sketch &amp; Illustration\",\"publisher\":{\"@id\":\"https:\/\/davidmoralesh.com\/es\/#organization\"},\"potentialAction\":[{\"@type\":\"SearchAction\",\"target\":{\"@type\":\"EntryPoint\",\"urlTemplate\":\"https:\/\/davidmoralesh.com\/es\/?s={search_term_string}\"},\"query-input\":{\"@type\":\"PropertyValueSpecification\",\"valueRequired\":true,\"valueName\":\"search_term_string\"}}],\"inLanguage\":\"es\"},{\"@type\":\"Organization\",\"@id\":\"https:\/\/davidmoralesh.com\/es\/#organization\",\"name\":\"David Morales\",\"url\":\"https:\/\/davidmoralesh.com\/es\/\",\"logo\":{\"@type\":\"ImageObject\",\"inLanguage\":\"es\",\"@id\":\"https:\/\/davidmoralesh.com\/es\/#\/schema\/logo\/image\/\",\"url\":\"https:\/\/davidmoralesh.com\/wp-content\/uploads\/2020\/11\/cropped-logo.jpg\",\"contentUrl\":\"https:\/\/davidmoralesh.com\/wp-content\/uploads\/2020\/11\/cropped-logo.jpg\",\"width\":900,\"height\":194,\"caption\":\"David Morales\"},\"image\":{\"@id\":\"https:\/\/davidmoralesh.com\/es\/#\/schema\/logo\/image\/\"}}]}<\/script>\n<!-- \/ Yoast SEO plugin. -->","yoast_head_json":{"title":"EL ESTANQUE - David Morales","robots":{"index":"index","follow":"follow","max-snippet":"max-snippet:-1","max-image-preview":"max-image-preview:large","max-video-preview":"max-video-preview:-1"},"canonical":"https:\/\/davidmoralesh.com\/es\/producto\/el-estanque\/","og_locale":"es_ES","og_type":"article","og_title":"EL ESTANQUE - David Morales","og_description":"Shipping price is not included   Prints have\u00a0coordinates and the date it was sketched, you can check that date and location at my IG profile and normally you will find the original sketch in front of the subject.  Most of the times sketches are located in public spaces where street view is available, coordinates will take you to the exact place where the sketch was originally drawn  Not framed  15 x 20 cms size prints don\u00b4t have the red seal hanko  Digital print on 190 gr watercolor paper, 100% cotton,\u00a0acid free with Epson water based ink Ultrachrome pro.  Size including borders","og_url":"https:\/\/davidmoralesh.com\/es\/producto\/el-estanque\/","og_site_name":"David Morales","article_modified_time":"2020-12-04T22:25:32+00:00","og_image":[{"width":1024,"height":637,"url":"https:\/\/davidmoralesh.com\/wp-content\/uploads\/2020\/06\/estcompleto-1024x637.jpg","type":"image\/jpeg"}],"twitter_card":"summary_large_image","schema":{"@context":"https:\/\/schema.org","@graph":[{"@type":"WebPage","@id":"https:\/\/davidmoralesh.com\/product\/el-estanque\/","url":"https:\/\/davidmoralesh.com\/product\/el-estanque\/","name":"EL ESTANQUE - David Morales","isPartOf":{"@id":"https:\/\/davidmoralesh.com\/es\/#website"},"primaryImageOfPage":{"@id":"https:\/\/davidmoralesh.com\/product\/el-estanque\/#primaryimage"},"image":{"@id":"https:\/\/davidmoralesh.com\/product\/el-estanque\/#primaryimage"},"thumbnailUrl":"https:\/\/davidmoralesh.com\/wp-content\/uploads\/2020\/06\/estcompleto.jpg","datePublished":"2020-06-02T05:37:52+00:00","dateModified":"2020-12-04T22:25:32+00:00","breadcrumb":{"@id":"https:\/\/davidmoralesh.com\/product\/el-estanque\/#breadcrumb"},"inLanguage":"es","potentialAction":[{"@type":"ReadAction","target":["https:\/\/davidmoralesh.com\/product\/el-estanque\/"]}]},{"@type":"ImageObject","inLanguage":"es","@id":"https:\/\/davidmoralesh.com\/product\/el-estanque\/#primaryimage","url":"https:\/\/davidmoralesh.com\/wp-content\/uploads\/2020\/06\/estcompleto.jpg","contentUrl":"https:\/\/davidmoralesh.com\/wp-content\/uploads\/2020\/06\/estcompleto.jpg","width":2500,"height":1555},{"@type":"BreadcrumbList","@id":"https:\/\/davidmoralesh.com\/product\/el-estanque\/#breadcrumb","itemListElement":[{"@type":"ListItem","position":1,"name":"Home","item":"https:\/\/davidmoralesh.com\/"},{"@type":"ListItem","position":2,"name":"Shop","item":"https:\/\/davidmoralesh.com\/shop\/"},{"@type":"ListItem","position":3,"name":"EL ESTANQUE"}]},{"@type":"WebSite","@id":"https:\/\/davidmoralesh.com\/es\/#website","url":"https:\/\/davidmoralesh.com\/es\/","name":"David Morales","description":"Sketch &amp; Illustration","publisher":{"@id":"https:\/\/davidmoralesh.com\/es\/#organization"},"potentialAction":[{"@type":"SearchAction","target":{"@type":"EntryPoint","urlTemplate":"https:\/\/davidmoralesh.com\/es\/?s={search_term_string}"},"query-input":{"@type":"PropertyValueSpecification","valueRequired":true,"valueName":"search_term_string"}}],"inLanguage":"es"},{"@type":"Organization","@id":"https:\/\/davidmoralesh.com\/es\/#organization","name":"David Morales","url":"https:\/\/davidmoralesh.com\/es\/","logo":{"@type":"ImageObject","inLanguage":"es","@id":"https:\/\/davidmoralesh.com\/es\/#\/schema\/logo\/image\/","url":"https:\/\/davidmoralesh.com\/wp-content\/uploads\/2020\/11\/cropped-logo.jpg","contentUrl":"https:\/\/davidmoralesh.com\/wp-content\/uploads\/2020\/11\/cropped-logo.jpg","width":900,"height":194,"caption":"David Morales"},"image":{"@id":"https:\/\/davidmoralesh.com\/es\/#\/schema\/logo\/image\/"}}]}},"_links":{"self":[{"href":"https:\/\/davidmoralesh.com\/es\/wp-json\/wp\/v2\/product\/3697","targetHints":{"allow":["GET"]}}],"collection":[{"href":"https:\/\/davidmoralesh.com\/es\/wp-json\/wp\/v2\/product"}],"about":[{"href":"https:\/\/davidmoralesh.com\/es\/wp-json\/wp\/v2\/types\/product"}],"replies":[{"embeddable":true,"href":"https:\/\/davidmoralesh.com\/es\/wp-json\/wp\/v2\/comments?post=3697"}],"version-history":[{"count":5,"href":"https:\/\/davidmoralesh.com\/es\/wp-json\/wp\/v2\/product\/3697\/revisions"}],"predecessor-version":[{"id":4084,"href":"https:\/\/davidmoralesh.com\/es\/wp-json\/wp\/v2\/product\/3697\/revisions\/4084"}],"wp:featuredmedia":[{"embeddable":true,"href":"https:\/\/davidmoralesh.com\/es\/wp-json\/wp\/v2\/media\/4074"}],"wp:attachment":[{"href":"https:\/\/davidmoralesh.com\/es\/wp-json\/wp\/v2\/media?parent=3697"}],"wp:term":[{"taxonomy":"product_brand","embeddable":true,"href":"https:\/\/davidmoralesh.com\/es\/wp-json\/wp\/v2\/product_brand?post=3697"},{"taxonomy":"product_cat","embeddable":true,"href":"https:\/\/davidmoralesh.com\/es\/wp-json\/wp\/v2\/product_cat?post=3697"},{"taxonomy":"product_tag","embeddable":true,"href":"https:\/\/davidmoralesh.com\/es\/wp-json\/wp\/v2\/product_tag?post=3697"}],"curies":[{"name":"wp","href":"https:\/\/api.w.org\/{rel}","templated":true}]}}