{"id":4418,"date":"2020-11-20T18:00:58","date_gmt":"2020-11-20T18:00:58","guid":{"rendered":"https:\/\/davidmorales.store\/?post_type=product&#038;p=4418"},"modified":"2020-12-15T19:43:03","modified_gmt":"2020-12-15T19:43:03","slug":"anchovies-2020","status":"publish","type":"product","link":"https:\/\/davidmoralesh.com\/es\/producto\/anchovies-2020\/","title":{"rendered":"ANCHOVIES 2020"},"content":{"rendered":"<p>summer of 2020 will be always remembered as a strange year summer. but for me it will be also remembered as the summer\u00a0I discovered grilled anchovies. anchovies taste like summer!!!<\/p>","protected":false},"excerpt":{"rendered":"<p>El precio de env\u00edo no est\u00e1 incluido.<\/p>\n<ul>\n<li>Las impresiones tienen coordenadas y la fecha en que se dibuj\u00f3, puede verificar esa fecha y ubicaci\u00f3n en mi perfil de IG y normalmente encontrar\u00e1 el boceto original frente a la escena dibujada.<\/li>\n<li>La mayor\u00eda de las veces, los bocetos se encuentran en espacios p\u00fablicos donde el servicio de street view est\u00e1 disponible, las coordenadas lo llevar\u00e1n al lugar exacto donde se dibuj\u00f3 originalmente el boceto.<\/li>\n<li>Sin enmarcar<\/li>\n<li>Las impresiones de tama\u00f1o 15 x 20 cms no tienen el sello rojo hanko<\/li>\n<li>Impresi\u00f3n digital sobre papel de acuarela de 190 gr, 100% algod\u00f3n, libre de \u00e1cidos con tinta Epson al agua Ultrachrome pro.<\/li>\n<li>El tama\u00f1o incluye bordes<\/li>\n<\/ul>","protected":false},"featured_media":4437,"comment_status":"open","ping_status":"closed","template":"","meta":[],"product_brand":[],"product_cat":[100],"product_tag":[111,123,113,108],"class_list":{"0":"post-4418","1":"product","2":"type-product","3":"status-publish","4":"has-post-thumbnail","6":"product_cat-prints","7":"product_tag-bw","8":"product_tag-daily-life","9":"product_tag-ink","10":"product_tag-nature","12":"first","13":"instock","14":"shipping-taxable","15":"purchasable","16":"product-type-variable"},"yoast_head":"<!-- This site is optimized with the Yoast SEO plugin v26.4 - https:\/\/yoast.com\/wordpress\/plugins\/seo\/ -->\n<title>ANCHOVIES 2020 - David Morales<\/title>\n<meta name=\"description\" content=\"The most beautiful Prints from David Morales&#039;s skechbook Gallery. if you want to see more of his work, you&#039;ll find him on Instagram as dava22\" \/>\n<meta name=\"robots\" content=\"index, follow, max-snippet:-1, max-image-preview:large, max-video-preview:-1\" \/>\n<link rel=\"canonical\" href=\"https:\/\/davidmoralesh.com\/es\/producto\/anchovies-2020\/\" \/>\n<meta property=\"og:locale\" content=\"es_ES\" \/>\n<meta property=\"og:type\" content=\"article\" \/>\n<meta property=\"og:title\" content=\"ANCHOVIES 2020 - David Morales\" \/>\n<meta property=\"og:description\" content=\"The most beautiful Prints from David Morales&#039;s skechbook Gallery. if you want to see more of his work, you&#039;ll find him on Instagram as dava22\" \/>\n<meta property=\"og:url\" content=\"https:\/\/davidmoralesh.com\/es\/producto\/anchovies-2020\/\" \/>\n<meta property=\"og:site_name\" content=\"David Morales\" \/>\n<meta property=\"article:modified_time\" content=\"2020-12-15T19:43:03+00:00\" \/>\n<meta property=\"og:image\" content=\"https:\/\/davidmoralesh.com\/wp-content\/uploads\/2020\/11\/25boquerones-portada-1.jpg\" \/>\n\t<meta property=\"og:image:width\" content=\"1514\" \/>\n\t<meta property=\"og:image:height\" content=\"2000\" \/>\n\t<meta property=\"og:image:type\" content=\"image\/jpeg\" \/>\n<meta name=\"twitter:card\" content=\"summary_large_image\" \/>\n<script type=\"application\/ld+json\" class=\"yoast-schema-graph\">{\"@context\":\"https:\/\/schema.org\",\"@graph\":[{\"@type\":\"WebPage\",\"@id\":\"https:\/\/davidmoralesh.com\/product\/anchovies-2020\/\",\"url\":\"https:\/\/davidmoralesh.com\/product\/anchovies-2020\/\",\"name\":\"ANCHOVIES 2020 - David Morales\",\"isPartOf\":{\"@id\":\"https:\/\/davidmoralesh.com\/es\/#website\"},\"primaryImageOfPage\":{\"@id\":\"https:\/\/davidmoralesh.com\/product\/anchovies-2020\/#primaryimage\"},\"image\":{\"@id\":\"https:\/\/davidmoralesh.com\/product\/anchovies-2020\/#primaryimage\"},\"thumbnailUrl\":\"https:\/\/davidmoralesh.com\/wp-content\/uploads\/2020\/11\/25boquerones-portada-1.jpg\",\"datePublished\":\"2020-11-20T18:00:58+00:00\",\"dateModified\":\"2020-12-15T19:43:03+00:00\",\"description\":\"The most beautiful Prints from David Morales's skechbook Gallery. if you want to see more of his work, you'll find him on Instagram as dava22\",\"breadcrumb\":{\"@id\":\"https:\/\/davidmoralesh.com\/product\/anchovies-2020\/#breadcrumb\"},\"inLanguage\":\"es\",\"potentialAction\":[{\"@type\":\"ReadAction\",\"target\":[\"https:\/\/davidmoralesh.com\/product\/anchovies-2020\/\"]}]},{\"@type\":\"ImageObject\",\"inLanguage\":\"es\",\"@id\":\"https:\/\/davidmoralesh.com\/product\/anchovies-2020\/#primaryimage\",\"url\":\"https:\/\/davidmoralesh.com\/wp-content\/uploads\/2020\/11\/25boquerones-portada-1.jpg\",\"contentUrl\":\"https:\/\/davidmoralesh.com\/wp-content\/uploads\/2020\/11\/25boquerones-portada-1.jpg\",\"width\":1514,\"height\":2000},{\"@type\":\"BreadcrumbList\",\"@id\":\"https:\/\/davidmoralesh.com\/product\/anchovies-2020\/#breadcrumb\",\"itemListElement\":[{\"@type\":\"ListItem\",\"position\":1,\"name\":\"Home\",\"item\":\"https:\/\/davidmoralesh.com\/\"},{\"@type\":\"ListItem\",\"position\":2,\"name\":\"Shop\",\"item\":\"https:\/\/davidmoralesh.com\/shop\/\"},{\"@type\":\"ListItem\",\"position\":3,\"name\":\"ANCHOVIES 2020\"}]},{\"@type\":\"WebSite\",\"@id\":\"https:\/\/davidmoralesh.com\/es\/#website\",\"url\":\"https:\/\/davidmoralesh.com\/es\/\",\"name\":\"David Morales\",\"description\":\"Sketch &amp; Illustration\",\"publisher\":{\"@id\":\"https:\/\/davidmoralesh.com\/es\/#organization\"},\"potentialAction\":[{\"@type\":\"SearchAction\",\"target\":{\"@type\":\"EntryPoint\",\"urlTemplate\":\"https:\/\/davidmoralesh.com\/es\/?s={search_term_string}\"},\"query-input\":{\"@type\":\"PropertyValueSpecification\",\"valueRequired\":true,\"valueName\":\"search_term_string\"}}],\"inLanguage\":\"es\"},{\"@type\":\"Organization\",\"@id\":\"https:\/\/davidmoralesh.com\/es\/#organization\",\"name\":\"David Morales\",\"url\":\"https:\/\/davidmoralesh.com\/es\/\",\"logo\":{\"@type\":\"ImageObject\",\"inLanguage\":\"es\",\"@id\":\"https:\/\/davidmoralesh.com\/es\/#\/schema\/logo\/image\/\",\"url\":\"https:\/\/davidmoralesh.com\/wp-content\/uploads\/2020\/11\/cropped-logo.jpg\",\"contentUrl\":\"https:\/\/davidmoralesh.com\/wp-content\/uploads\/2020\/11\/cropped-logo.jpg\",\"width\":900,\"height\":194,\"caption\":\"David Morales\"},\"image\":{\"@id\":\"https:\/\/davidmoralesh.com\/es\/#\/schema\/logo\/image\/\"}}]}<\/script>\n<!-- \/ Yoast SEO plugin. -->","yoast_head_json":{"title":"ANCHOVIES 2020 - David Morales","description":"The most beautiful Prints from David Morales's skechbook Gallery. if you want to see more of his work, you'll find him on Instagram as dava22","robots":{"index":"index","follow":"follow","max-snippet":"max-snippet:-1","max-image-preview":"max-image-preview:large","max-video-preview":"max-video-preview:-1"},"canonical":"https:\/\/davidmoralesh.com\/es\/producto\/anchovies-2020\/","og_locale":"es_ES","og_type":"article","og_title":"ANCHOVIES 2020 - David Morales","og_description":"The most beautiful Prints from David Morales's skechbook Gallery. if you want to see more of his work, you'll find him on Instagram as dava22","og_url":"https:\/\/davidmoralesh.com\/es\/producto\/anchovies-2020\/","og_site_name":"David Morales","article_modified_time":"2020-12-15T19:43:03+00:00","og_image":[{"width":1514,"height":2000,"url":"https:\/\/davidmoralesh.com\/wp-content\/uploads\/2020\/11\/25boquerones-portada-1.jpg","type":"image\/jpeg"}],"twitter_card":"summary_large_image","schema":{"@context":"https:\/\/schema.org","@graph":[{"@type":"WebPage","@id":"https:\/\/davidmoralesh.com\/product\/anchovies-2020\/","url":"https:\/\/davidmoralesh.com\/product\/anchovies-2020\/","name":"ANCHOVIES 2020 - David Morales","isPartOf":{"@id":"https:\/\/davidmoralesh.com\/es\/#website"},"primaryImageOfPage":{"@id":"https:\/\/davidmoralesh.com\/product\/anchovies-2020\/#primaryimage"},"image":{"@id":"https:\/\/davidmoralesh.com\/product\/anchovies-2020\/#primaryimage"},"thumbnailUrl":"https:\/\/davidmoralesh.com\/wp-content\/uploads\/2020\/11\/25boquerones-portada-1.jpg","datePublished":"2020-11-20T18:00:58+00:00","dateModified":"2020-12-15T19:43:03+00:00","description":"The most beautiful Prints from David Morales's skechbook Gallery. if you want to see more of his work, you'll find him on Instagram as dava22","breadcrumb":{"@id":"https:\/\/davidmoralesh.com\/product\/anchovies-2020\/#breadcrumb"},"inLanguage":"es","potentialAction":[{"@type":"ReadAction","target":["https:\/\/davidmoralesh.com\/product\/anchovies-2020\/"]}]},{"@type":"ImageObject","inLanguage":"es","@id":"https:\/\/davidmoralesh.com\/product\/anchovies-2020\/#primaryimage","url":"https:\/\/davidmoralesh.com\/wp-content\/uploads\/2020\/11\/25boquerones-portada-1.jpg","contentUrl":"https:\/\/davidmoralesh.com\/wp-content\/uploads\/2020\/11\/25boquerones-portada-1.jpg","width":1514,"height":2000},{"@type":"BreadcrumbList","@id":"https:\/\/davidmoralesh.com\/product\/anchovies-2020\/#breadcrumb","itemListElement":[{"@type":"ListItem","position":1,"name":"Home","item":"https:\/\/davidmoralesh.com\/"},{"@type":"ListItem","position":2,"name":"Shop","item":"https:\/\/davidmoralesh.com\/shop\/"},{"@type":"ListItem","position":3,"name":"ANCHOVIES 2020"}]},{"@type":"WebSite","@id":"https:\/\/davidmoralesh.com\/es\/#website","url":"https:\/\/davidmoralesh.com\/es\/","name":"David Morales","description":"Sketch &amp; Illustration","publisher":{"@id":"https:\/\/davidmoralesh.com\/es\/#organization"},"potentialAction":[{"@type":"SearchAction","target":{"@type":"EntryPoint","urlTemplate":"https:\/\/davidmoralesh.com\/es\/?s={search_term_string}"},"query-input":{"@type":"PropertyValueSpecification","valueRequired":true,"valueName":"search_term_string"}}],"inLanguage":"es"},{"@type":"Organization","@id":"https:\/\/davidmoralesh.com\/es\/#organization","name":"David Morales","url":"https:\/\/davidmoralesh.com\/es\/","logo":{"@type":"ImageObject","inLanguage":"es","@id":"https:\/\/davidmoralesh.com\/es\/#\/schema\/logo\/image\/","url":"https:\/\/davidmoralesh.com\/wp-content\/uploads\/2020\/11\/cropped-logo.jpg","contentUrl":"https:\/\/davidmoralesh.com\/wp-content\/uploads\/2020\/11\/cropped-logo.jpg","width":900,"height":194,"caption":"David Morales"},"image":{"@id":"https:\/\/davidmoralesh.com\/es\/#\/schema\/logo\/image\/"}}]}},"_links":{"self":[{"href":"https:\/\/davidmoralesh.com\/es\/wp-json\/wp\/v2\/product\/4418","targetHints":{"allow":["GET"]}}],"collection":[{"href":"https:\/\/davidmoralesh.com\/es\/wp-json\/wp\/v2\/product"}],"about":[{"href":"https:\/\/davidmoralesh.com\/es\/wp-json\/wp\/v2\/types\/product"}],"replies":[{"embeddable":true,"href":"https:\/\/davidmoralesh.com\/es\/wp-json\/wp\/v2\/comments?post=4418"}],"version-history":[{"count":2,"href":"https:\/\/davidmoralesh.com\/es\/wp-json\/wp\/v2\/product\/4418\/revisions"}],"predecessor-version":[{"id":4438,"href":"https:\/\/davidmoralesh.com\/es\/wp-json\/wp\/v2\/product\/4418\/revisions\/4438"}],"wp:featuredmedia":[{"embeddable":true,"href":"https:\/\/davidmoralesh.com\/es\/wp-json\/wp\/v2\/media\/4437"}],"wp:attachment":[{"href":"https:\/\/davidmoralesh.com\/es\/wp-json\/wp\/v2\/media?parent=4418"}],"wp:term":[{"taxonomy":"product_brand","embeddable":true,"href":"https:\/\/davidmoralesh.com\/es\/wp-json\/wp\/v2\/product_brand?post=4418"},{"taxonomy":"product_cat","embeddable":true,"href":"https:\/\/davidmoralesh.com\/es\/wp-json\/wp\/v2\/product_cat?post=4418"},{"taxonomy":"product_tag","embeddable":true,"href":"https:\/\/davidmoralesh.com\/es\/wp-json\/wp\/v2\/product_tag?post=4418"}],"curies":[{"name":"wp","href":"https:\/\/api.w.org\/{rel}","templated":true}]}}