{"id":4665,"date":"2021-04-23T10:06:47","date_gmt":"2021-04-23T10:06:47","guid":{"rendered":"https:\/\/davidmorales.store\/?post_type=product&#038;p=4665"},"modified":"2021-04-23T10:28:47","modified_gmt":"2021-04-23T10:28:47","slug":"nido","status":"publish","type":"product","link":"https:\/\/davidmoralesh.com\/es\/producto\/nido\/","title":{"rendered":"NIDO"},"content":{"rendered":"<p>I had this nest on mind for so long, I used to think about how to render it for hours until the day I sat and made it.<\/p>","protected":false},"excerpt":{"rendered":"<p>El precio de env\u00edo no est\u00e1 incluido.<\/p>\n<ul>\n<li>Las impresiones tienen coordenadas y la fecha en que se dibuj\u00f3, puede verificar esa fecha y ubicaci\u00f3n en mi perfil de IG y normalmente encontrar\u00e1 el boceto original frente a la escena dibujada.<\/li>\n<li>Most of the times sketches are located in public spaces where street view is available, coordinates will take you to the exact place where the sketch was originally drawn.<\/li>\n<li>Not framed.<\/li>\n<li>Impresi\u00f3n digital sobre papel de acuarela de 190 gr, 100% algod\u00f3n, libre de \u00e1cidos con tinta Epson al agua Ultrachrome pro.<\/li>\n<li>Size includes borders.<\/li>\n<\/ul>","protected":false},"featured_media":4677,"comment_status":"open","ping_status":"closed","template":"","meta":[],"product_brand":[],"product_cat":[100],"product_tag":[111,123,113,108],"class_list":{"0":"post-4665","1":"product","2":"type-product","3":"status-publish","4":"has-post-thumbnail","6":"product_cat-prints","7":"product_tag-bw","8":"product_tag-daily-life","9":"product_tag-ink","10":"product_tag-nature","12":"first","13":"instock","14":"shipping-taxable","15":"purchasable","16":"product-type-variable"},"yoast_head":"<!-- This site is optimized with the Yoast SEO plugin v26.4 - https:\/\/yoast.com\/wordpress\/plugins\/seo\/ -->\n<title>NIDO - David Morales<\/title>\n<meta name=\"description\" content=\"The most beautiful Prints from David Morales&#039;s skechbook Gallery. if you want to see more of his work, you&#039;ll find him on Instagram as dava22\" \/>\n<meta name=\"robots\" content=\"index, follow, max-snippet:-1, max-image-preview:large, max-video-preview:-1\" \/>\n<link rel=\"canonical\" href=\"https:\/\/davidmoralesh.com\/es\/producto\/nido\/\" \/>\n<meta property=\"og:locale\" content=\"es_ES\" \/>\n<meta property=\"og:type\" content=\"article\" \/>\n<meta property=\"og:title\" content=\"NIDO - David Morales\" \/>\n<meta property=\"og:description\" content=\"The most beautiful Prints from David Morales&#039;s skechbook Gallery. if you want to see more of his work, you&#039;ll find him on Instagram as dava22\" \/>\n<meta property=\"og:url\" content=\"https:\/\/davidmoralesh.com\/es\/producto\/nido\/\" \/>\n<meta property=\"og:site_name\" content=\"David Morales\" \/>\n<meta property=\"article:modified_time\" content=\"2021-04-23T10:28:47+00:00\" \/>\n<meta property=\"og:image\" content=\"https:\/\/davidmoralesh.com\/wp-content\/uploads\/2021\/04\/36nidoportada.jpg\" \/>\n\t<meta property=\"og:image:width\" content=\"1900\" \/>\n\t<meta property=\"og:image:height\" content=\"1900\" \/>\n\t<meta property=\"og:image:type\" content=\"image\/jpeg\" \/>\n<meta name=\"twitter:card\" content=\"summary_large_image\" \/>\n<script type=\"application\/ld+json\" class=\"yoast-schema-graph\">{\"@context\":\"https:\/\/schema.org\",\"@graph\":[{\"@type\":\"WebPage\",\"@id\":\"https:\/\/davidmoralesh.com\/product\/nido\/\",\"url\":\"https:\/\/davidmoralesh.com\/product\/nido\/\",\"name\":\"NIDO - David Morales\",\"isPartOf\":{\"@id\":\"https:\/\/davidmoralesh.com\/es\/#website\"},\"primaryImageOfPage\":{\"@id\":\"https:\/\/davidmoralesh.com\/product\/nido\/#primaryimage\"},\"image\":{\"@id\":\"https:\/\/davidmoralesh.com\/product\/nido\/#primaryimage\"},\"thumbnailUrl\":\"https:\/\/davidmoralesh.com\/wp-content\/uploads\/2021\/04\/36nidoportada.jpg\",\"datePublished\":\"2021-04-23T10:06:47+00:00\",\"dateModified\":\"2021-04-23T10:28:47+00:00\",\"description\":\"The most beautiful Prints from David Morales's skechbook Gallery. if you want to see more of his work, you'll find him on Instagram as dava22\",\"breadcrumb\":{\"@id\":\"https:\/\/davidmoralesh.com\/product\/nido\/#breadcrumb\"},\"inLanguage\":\"es\",\"potentialAction\":[{\"@type\":\"ReadAction\",\"target\":[\"https:\/\/davidmoralesh.com\/product\/nido\/\"]}]},{\"@type\":\"ImageObject\",\"inLanguage\":\"es\",\"@id\":\"https:\/\/davidmoralesh.com\/product\/nido\/#primaryimage\",\"url\":\"https:\/\/davidmoralesh.com\/wp-content\/uploads\/2021\/04\/36nidoportada.jpg\",\"contentUrl\":\"https:\/\/davidmoralesh.com\/wp-content\/uploads\/2021\/04\/36nidoportada.jpg\",\"width\":1900,\"height\":1900},{\"@type\":\"BreadcrumbList\",\"@id\":\"https:\/\/davidmoralesh.com\/product\/nido\/#breadcrumb\",\"itemListElement\":[{\"@type\":\"ListItem\",\"position\":1,\"name\":\"Home\",\"item\":\"https:\/\/davidmoralesh.com\/\"},{\"@type\":\"ListItem\",\"position\":2,\"name\":\"Shop\",\"item\":\"https:\/\/davidmoralesh.com\/shop\/\"},{\"@type\":\"ListItem\",\"position\":3,\"name\":\"NIDO\"}]},{\"@type\":\"WebSite\",\"@id\":\"https:\/\/davidmoralesh.com\/es\/#website\",\"url\":\"https:\/\/davidmoralesh.com\/es\/\",\"name\":\"David Morales\",\"description\":\"Sketch &amp; Illustration\",\"publisher\":{\"@id\":\"https:\/\/davidmoralesh.com\/es\/#organization\"},\"potentialAction\":[{\"@type\":\"SearchAction\",\"target\":{\"@type\":\"EntryPoint\",\"urlTemplate\":\"https:\/\/davidmoralesh.com\/es\/?s={search_term_string}\"},\"query-input\":{\"@type\":\"PropertyValueSpecification\",\"valueRequired\":true,\"valueName\":\"search_term_string\"}}],\"inLanguage\":\"es\"},{\"@type\":\"Organization\",\"@id\":\"https:\/\/davidmoralesh.com\/es\/#organization\",\"name\":\"David Morales\",\"url\":\"https:\/\/davidmoralesh.com\/es\/\",\"logo\":{\"@type\":\"ImageObject\",\"inLanguage\":\"es\",\"@id\":\"https:\/\/davidmoralesh.com\/es\/#\/schema\/logo\/image\/\",\"url\":\"https:\/\/davidmoralesh.com\/wp-content\/uploads\/2020\/11\/cropped-logo.jpg\",\"contentUrl\":\"https:\/\/davidmoralesh.com\/wp-content\/uploads\/2020\/11\/cropped-logo.jpg\",\"width\":900,\"height\":194,\"caption\":\"David Morales\"},\"image\":{\"@id\":\"https:\/\/davidmoralesh.com\/es\/#\/schema\/logo\/image\/\"}}]}<\/script>\n<!-- \/ Yoast SEO plugin. -->","yoast_head_json":{"title":"NIDO - David Morales","description":"The most beautiful Prints from David Morales's skechbook Gallery. if you want to see more of his work, you'll find him on Instagram as dava22","robots":{"index":"index","follow":"follow","max-snippet":"max-snippet:-1","max-image-preview":"max-image-preview:large","max-video-preview":"max-video-preview:-1"},"canonical":"https:\/\/davidmoralesh.com\/es\/producto\/nido\/","og_locale":"es_ES","og_type":"article","og_title":"NIDO - David Morales","og_description":"The most beautiful Prints from David Morales's skechbook Gallery. if you want to see more of his work, you'll find him on Instagram as dava22","og_url":"https:\/\/davidmoralesh.com\/es\/producto\/nido\/","og_site_name":"David Morales","article_modified_time":"2021-04-23T10:28:47+00:00","og_image":[{"width":1900,"height":1900,"url":"https:\/\/davidmoralesh.com\/wp-content\/uploads\/2021\/04\/36nidoportada.jpg","type":"image\/jpeg"}],"twitter_card":"summary_large_image","schema":{"@context":"https:\/\/schema.org","@graph":[{"@type":"WebPage","@id":"https:\/\/davidmoralesh.com\/product\/nido\/","url":"https:\/\/davidmoralesh.com\/product\/nido\/","name":"NIDO - David Morales","isPartOf":{"@id":"https:\/\/davidmoralesh.com\/es\/#website"},"primaryImageOfPage":{"@id":"https:\/\/davidmoralesh.com\/product\/nido\/#primaryimage"},"image":{"@id":"https:\/\/davidmoralesh.com\/product\/nido\/#primaryimage"},"thumbnailUrl":"https:\/\/davidmoralesh.com\/wp-content\/uploads\/2021\/04\/36nidoportada.jpg","datePublished":"2021-04-23T10:06:47+00:00","dateModified":"2021-04-23T10:28:47+00:00","description":"The most beautiful Prints from David Morales's skechbook Gallery. if you want to see more of his work, you'll find him on Instagram as dava22","breadcrumb":{"@id":"https:\/\/davidmoralesh.com\/product\/nido\/#breadcrumb"},"inLanguage":"es","potentialAction":[{"@type":"ReadAction","target":["https:\/\/davidmoralesh.com\/product\/nido\/"]}]},{"@type":"ImageObject","inLanguage":"es","@id":"https:\/\/davidmoralesh.com\/product\/nido\/#primaryimage","url":"https:\/\/davidmoralesh.com\/wp-content\/uploads\/2021\/04\/36nidoportada.jpg","contentUrl":"https:\/\/davidmoralesh.com\/wp-content\/uploads\/2021\/04\/36nidoportada.jpg","width":1900,"height":1900},{"@type":"BreadcrumbList","@id":"https:\/\/davidmoralesh.com\/product\/nido\/#breadcrumb","itemListElement":[{"@type":"ListItem","position":1,"name":"Home","item":"https:\/\/davidmoralesh.com\/"},{"@type":"ListItem","position":2,"name":"Shop","item":"https:\/\/davidmoralesh.com\/shop\/"},{"@type":"ListItem","position":3,"name":"NIDO"}]},{"@type":"WebSite","@id":"https:\/\/davidmoralesh.com\/es\/#website","url":"https:\/\/davidmoralesh.com\/es\/","name":"David Morales","description":"Sketch &amp; Illustration","publisher":{"@id":"https:\/\/davidmoralesh.com\/es\/#organization"},"potentialAction":[{"@type":"SearchAction","target":{"@type":"EntryPoint","urlTemplate":"https:\/\/davidmoralesh.com\/es\/?s={search_term_string}"},"query-input":{"@type":"PropertyValueSpecification","valueRequired":true,"valueName":"search_term_string"}}],"inLanguage":"es"},{"@type":"Organization","@id":"https:\/\/davidmoralesh.com\/es\/#organization","name":"David Morales","url":"https:\/\/davidmoralesh.com\/es\/","logo":{"@type":"ImageObject","inLanguage":"es","@id":"https:\/\/davidmoralesh.com\/es\/#\/schema\/logo\/image\/","url":"https:\/\/davidmoralesh.com\/wp-content\/uploads\/2020\/11\/cropped-logo.jpg","contentUrl":"https:\/\/davidmoralesh.com\/wp-content\/uploads\/2020\/11\/cropped-logo.jpg","width":900,"height":194,"caption":"David Morales"},"image":{"@id":"https:\/\/davidmoralesh.com\/es\/#\/schema\/logo\/image\/"}}]}},"_links":{"self":[{"href":"https:\/\/davidmoralesh.com\/es\/wp-json\/wp\/v2\/product\/4665","targetHints":{"allow":["GET"]}}],"collection":[{"href":"https:\/\/davidmoralesh.com\/es\/wp-json\/wp\/v2\/product"}],"about":[{"href":"https:\/\/davidmoralesh.com\/es\/wp-json\/wp\/v2\/types\/product"}],"replies":[{"embeddable":true,"href":"https:\/\/davidmoralesh.com\/es\/wp-json\/wp\/v2\/comments?post=4665"}],"version-history":[{"count":1,"href":"https:\/\/davidmoralesh.com\/es\/wp-json\/wp\/v2\/product\/4665\/revisions"}],"predecessor-version":[{"id":4678,"href":"https:\/\/davidmoralesh.com\/es\/wp-json\/wp\/v2\/product\/4665\/revisions\/4678"}],"wp:featuredmedia":[{"embeddable":true,"href":"https:\/\/davidmoralesh.com\/es\/wp-json\/wp\/v2\/media\/4677"}],"wp:attachment":[{"href":"https:\/\/davidmoralesh.com\/es\/wp-json\/wp\/v2\/media?parent=4665"}],"wp:term":[{"taxonomy":"product_brand","embeddable":true,"href":"https:\/\/davidmoralesh.com\/es\/wp-json\/wp\/v2\/product_brand?post=4665"},{"taxonomy":"product_cat","embeddable":true,"href":"https:\/\/davidmoralesh.com\/es\/wp-json\/wp\/v2\/product_cat?post=4665"},{"taxonomy":"product_tag","embeddable":true,"href":"https:\/\/davidmoralesh.com\/es\/wp-json\/wp\/v2\/product_tag?post=4665"}],"curies":[{"name":"wp","href":"https:\/\/api.w.org\/{rel}","templated":true}]}}