{"id":4752,"date":"2022-05-19T09:34:03","date_gmt":"2022-05-19T09:34:03","guid":{"rendered":"https:\/\/davidmorales.store\/?post_type=product&#038;p=4752"},"modified":"2024-05-16T07:30:12","modified_gmt":"2024-05-16T07:30:12","slug":"tropical-fruit-01","status":"publish","type":"product","link":"https:\/\/davidmoralesh.com\/es\/producto\/tropical-fruit-01\/","title":{"rendered":"TROPICAL FRUIT 01"},"content":{"rendered":"<p>One of the things I love about Colombia is the variety of fruits you can buy on the street, they are always so tasty and colorfully. On my last trip to my hometown I documented as much fruits as I could, this is the summary of that journey.<\/p>","protected":false},"excerpt":{"rendered":"<p>Limited edition of 50 units<\/p>\n<p>all signed and numbered.<\/p>\n<p>El precio de env\u00edo no est\u00e1 incluido.<\/p>\n<ul>\n<li>Las impresiones tienen coordenadas y la fecha en que se dibuj\u00f3, puede verificar esa fecha y ubicaci\u00f3n en mi perfil de IG y normalmente encontrar\u00e1 el boceto original frente a la escena dibujada.<\/li>\n<li>La mayor\u00eda de las veces, los bocetos se encuentran en espacios p\u00fablicos donde el servicio de street view est\u00e1 disponible, las coordenadas lo llevar\u00e1n al lugar exacto donde se dibuj\u00f3 originalmente el boceto.<\/li>\n<li>Sin enmarcar<\/li>\n<li>Impresi\u00f3n digital sobre papel de acuarela de 190 gr, 100% algod\u00f3n, libre de \u00e1cidos con tinta Epson al agua Ultrachrome pro.<\/li>\n<li>El tama\u00f1o incluye bordes<\/li>\n<\/ul>","protected":false},"featured_media":4759,"comment_status":"open","ping_status":"closed","template":"","meta":[],"product_brand":[],"product_cat":[100],"product_tag":[118,110,123,113,108,119],"class_list":{"0":"post-4752","1":"product","2":"type-product","3":"status-publish","4":"has-post-thumbnail","6":"product_cat-prints","7":"product_tag-botanical","8":"product_tag-color","9":"product_tag-daily-life","10":"product_tag-ink","11":"product_tag-nature","12":"product_tag-vertical","14":"first","15":"instock","16":"shipping-taxable","17":"purchasable","18":"product-type-variable"},"yoast_head":"<!-- This site is optimized with the Yoast SEO plugin v26.4 - https:\/\/yoast.com\/wordpress\/plugins\/seo\/ -->\n<title>TROPICAL FRUIT 01 - David Morales<\/title>\n<meta name=\"description\" content=\"One of the things I love about Colombia is the variety of fruits you can buy on the street, they are always so tasty and colorfully. On my last trip to my hometown I documented as much fruits as I could, this is the summary of that journey. The most beautiful Prints from David Morales&#039;s skechbook Gallery. if you want to see more of his work, you&#039;ll find him on Instagram as dava22\" \/>\n<meta name=\"robots\" content=\"index, follow, max-snippet:-1, max-image-preview:large, max-video-preview:-1\" \/>\n<link rel=\"canonical\" href=\"https:\/\/davidmoralesh.com\/es\/producto\/tropical-fruit-01\/\" \/>\n<meta property=\"og:locale\" content=\"es_ES\" \/>\n<meta property=\"og:type\" content=\"article\" \/>\n<meta property=\"og:title\" content=\"TROPICAL FRUIT 01 - David Morales\" \/>\n<meta property=\"og:description\" content=\"One of the things I love about Colombia is the variety of fruits you can buy on the street, they are always so tasty and colorfully. On my last trip to my hometown I documented as much fruits as I could, this is the summary of that journey. The most beautiful Prints from David Morales&#039;s skechbook Gallery. if you want to see more of his work, you&#039;ll find him on Instagram as dava22\" \/>\n<meta property=\"og:url\" content=\"https:\/\/davidmoralesh.com\/es\/producto\/tropical-fruit-01\/\" \/>\n<meta property=\"og:site_name\" content=\"David Morales\" \/>\n<meta property=\"article:modified_time\" content=\"2024-05-16T07:30:12+00:00\" \/>\n<meta property=\"og:image\" content=\"https:\/\/davidmoralesh.com\/wp-content\/uploads\/2022\/05\/portada-e1652953479578.jpg\" \/>\n\t<meta property=\"og:image:width\" content=\"1812\" \/>\n\t<meta property=\"og:image:height\" content=\"2475\" \/>\n\t<meta property=\"og:image:type\" content=\"image\/jpeg\" \/>\n<meta name=\"twitter:card\" content=\"summary_large_image\" \/>\n<meta name=\"twitter:label1\" content=\"Tiempo de lectura\" \/>\n\t<meta name=\"twitter:data1\" content=\"1 minuto\" \/>\n<script type=\"application\/ld+json\" class=\"yoast-schema-graph\">{\"@context\":\"https:\/\/schema.org\",\"@graph\":[{\"@type\":\"WebPage\",\"@id\":\"https:\/\/davidmoralesh.com\/product\/tropical-fruit-01\/\",\"url\":\"https:\/\/davidmoralesh.com\/product\/tropical-fruit-01\/\",\"name\":\"TROPICAL FRUIT 01 - David Morales\",\"isPartOf\":{\"@id\":\"https:\/\/davidmoralesh.com\/es\/#website\"},\"primaryImageOfPage\":{\"@id\":\"https:\/\/davidmoralesh.com\/product\/tropical-fruit-01\/#primaryimage\"},\"image\":{\"@id\":\"https:\/\/davidmoralesh.com\/product\/tropical-fruit-01\/#primaryimage\"},\"thumbnailUrl\":\"https:\/\/davidmoralesh.com\/wp-content\/uploads\/2022\/05\/portada-e1652953479578.jpg\",\"datePublished\":\"2022-05-19T09:34:03+00:00\",\"dateModified\":\"2024-05-16T07:30:12+00:00\",\"description\":\"One of the things I love about Colombia is the variety of fruits you can buy on the street, they are always so tasty and colorfully. On my last trip to my hometown I documented as much fruits as I could, this is the summary of that journey. The most beautiful Prints from David Morales's skechbook Gallery. if you want to see more of his work, you'll find him on Instagram as dava22\",\"breadcrumb\":{\"@id\":\"https:\/\/davidmoralesh.com\/product\/tropical-fruit-01\/#breadcrumb\"},\"inLanguage\":\"es\",\"potentialAction\":[{\"@type\":\"ReadAction\",\"target\":[\"https:\/\/davidmoralesh.com\/product\/tropical-fruit-01\/\"]}]},{\"@type\":\"ImageObject\",\"inLanguage\":\"es\",\"@id\":\"https:\/\/davidmoralesh.com\/product\/tropical-fruit-01\/#primaryimage\",\"url\":\"https:\/\/davidmoralesh.com\/wp-content\/uploads\/2022\/05\/portada-e1652953479578.jpg\",\"contentUrl\":\"https:\/\/davidmoralesh.com\/wp-content\/uploads\/2022\/05\/portada-e1652953479578.jpg\",\"width\":1812,\"height\":2475},{\"@type\":\"BreadcrumbList\",\"@id\":\"https:\/\/davidmoralesh.com\/product\/tropical-fruit-01\/#breadcrumb\",\"itemListElement\":[{\"@type\":\"ListItem\",\"position\":1,\"name\":\"Home\",\"item\":\"https:\/\/davidmoralesh.com\/\"},{\"@type\":\"ListItem\",\"position\":2,\"name\":\"Shop\",\"item\":\"https:\/\/davidmoralesh.com\/shop\/\"},{\"@type\":\"ListItem\",\"position\":3,\"name\":\"TROPICAL FRUIT 01\"}]},{\"@type\":\"WebSite\",\"@id\":\"https:\/\/davidmoralesh.com\/es\/#website\",\"url\":\"https:\/\/davidmoralesh.com\/es\/\",\"name\":\"David Morales\",\"description\":\"Sketch &amp; Illustration\",\"publisher\":{\"@id\":\"https:\/\/davidmoralesh.com\/es\/#organization\"},\"potentialAction\":[{\"@type\":\"SearchAction\",\"target\":{\"@type\":\"EntryPoint\",\"urlTemplate\":\"https:\/\/davidmoralesh.com\/es\/?s={search_term_string}\"},\"query-input\":{\"@type\":\"PropertyValueSpecification\",\"valueRequired\":true,\"valueName\":\"search_term_string\"}}],\"inLanguage\":\"es\"},{\"@type\":\"Organization\",\"@id\":\"https:\/\/davidmoralesh.com\/es\/#organization\",\"name\":\"David Morales\",\"url\":\"https:\/\/davidmoralesh.com\/es\/\",\"logo\":{\"@type\":\"ImageObject\",\"inLanguage\":\"es\",\"@id\":\"https:\/\/davidmoralesh.com\/es\/#\/schema\/logo\/image\/\",\"url\":\"https:\/\/davidmoralesh.com\/wp-content\/uploads\/2020\/11\/cropped-logo.jpg\",\"contentUrl\":\"https:\/\/davidmoralesh.com\/wp-content\/uploads\/2020\/11\/cropped-logo.jpg\",\"width\":900,\"height\":194,\"caption\":\"David Morales\"},\"image\":{\"@id\":\"https:\/\/davidmoralesh.com\/es\/#\/schema\/logo\/image\/\"}}]}<\/script>\n<!-- \/ Yoast SEO plugin. -->","yoast_head_json":{"title":"TROPICAL FRUIT 01 - David Morales","description":"One of the things I love about Colombia is the variety of fruits you can buy on the street, they are always so tasty and colorfully. On my last trip to my hometown I documented as much fruits as I could, this is the summary of that journey. The most beautiful Prints from David Morales's skechbook Gallery. if you want to see more of his work, you'll find him on Instagram as dava22","robots":{"index":"index","follow":"follow","max-snippet":"max-snippet:-1","max-image-preview":"max-image-preview:large","max-video-preview":"max-video-preview:-1"},"canonical":"https:\/\/davidmoralesh.com\/es\/producto\/tropical-fruit-01\/","og_locale":"es_ES","og_type":"article","og_title":"TROPICAL FRUIT 01 - David Morales","og_description":"One of the things I love about Colombia is the variety of fruits you can buy on the street, they are always so tasty and colorfully. On my last trip to my hometown I documented as much fruits as I could, this is the summary of that journey. The most beautiful Prints from David Morales's skechbook Gallery. if you want to see more of his work, you'll find him on Instagram as dava22","og_url":"https:\/\/davidmoralesh.com\/es\/producto\/tropical-fruit-01\/","og_site_name":"David Morales","article_modified_time":"2024-05-16T07:30:12+00:00","og_image":[{"width":1812,"height":2475,"url":"https:\/\/davidmoralesh.com\/wp-content\/uploads\/2022\/05\/portada-e1652953479578.jpg","type":"image\/jpeg"}],"twitter_card":"summary_large_image","twitter_misc":{"Tiempo de lectura":"1 minuto"},"schema":{"@context":"https:\/\/schema.org","@graph":[{"@type":"WebPage","@id":"https:\/\/davidmoralesh.com\/product\/tropical-fruit-01\/","url":"https:\/\/davidmoralesh.com\/product\/tropical-fruit-01\/","name":"TROPICAL FRUIT 01 - David Morales","isPartOf":{"@id":"https:\/\/davidmoralesh.com\/es\/#website"},"primaryImageOfPage":{"@id":"https:\/\/davidmoralesh.com\/product\/tropical-fruit-01\/#primaryimage"},"image":{"@id":"https:\/\/davidmoralesh.com\/product\/tropical-fruit-01\/#primaryimage"},"thumbnailUrl":"https:\/\/davidmoralesh.com\/wp-content\/uploads\/2022\/05\/portada-e1652953479578.jpg","datePublished":"2022-05-19T09:34:03+00:00","dateModified":"2024-05-16T07:30:12+00:00","description":"One of the things I love about Colombia is the variety of fruits you can buy on the street, they are always so tasty and colorfully. On my last trip to my hometown I documented as much fruits as I could, this is the summary of that journey. The most beautiful Prints from David Morales's skechbook Gallery. if you want to see more of his work, you'll find him on Instagram as dava22","breadcrumb":{"@id":"https:\/\/davidmoralesh.com\/product\/tropical-fruit-01\/#breadcrumb"},"inLanguage":"es","potentialAction":[{"@type":"ReadAction","target":["https:\/\/davidmoralesh.com\/product\/tropical-fruit-01\/"]}]},{"@type":"ImageObject","inLanguage":"es","@id":"https:\/\/davidmoralesh.com\/product\/tropical-fruit-01\/#primaryimage","url":"https:\/\/davidmoralesh.com\/wp-content\/uploads\/2022\/05\/portada-e1652953479578.jpg","contentUrl":"https:\/\/davidmoralesh.com\/wp-content\/uploads\/2022\/05\/portada-e1652953479578.jpg","width":1812,"height":2475},{"@type":"BreadcrumbList","@id":"https:\/\/davidmoralesh.com\/product\/tropical-fruit-01\/#breadcrumb","itemListElement":[{"@type":"ListItem","position":1,"name":"Home","item":"https:\/\/davidmoralesh.com\/"},{"@type":"ListItem","position":2,"name":"Shop","item":"https:\/\/davidmoralesh.com\/shop\/"},{"@type":"ListItem","position":3,"name":"TROPICAL FRUIT 01"}]},{"@type":"WebSite","@id":"https:\/\/davidmoralesh.com\/es\/#website","url":"https:\/\/davidmoralesh.com\/es\/","name":"David Morales","description":"Sketch &amp; Illustration","publisher":{"@id":"https:\/\/davidmoralesh.com\/es\/#organization"},"potentialAction":[{"@type":"SearchAction","target":{"@type":"EntryPoint","urlTemplate":"https:\/\/davidmoralesh.com\/es\/?s={search_term_string}"},"query-input":{"@type":"PropertyValueSpecification","valueRequired":true,"valueName":"search_term_string"}}],"inLanguage":"es"},{"@type":"Organization","@id":"https:\/\/davidmoralesh.com\/es\/#organization","name":"David Morales","url":"https:\/\/davidmoralesh.com\/es\/","logo":{"@type":"ImageObject","inLanguage":"es","@id":"https:\/\/davidmoralesh.com\/es\/#\/schema\/logo\/image\/","url":"https:\/\/davidmoralesh.com\/wp-content\/uploads\/2020\/11\/cropped-logo.jpg","contentUrl":"https:\/\/davidmoralesh.com\/wp-content\/uploads\/2020\/11\/cropped-logo.jpg","width":900,"height":194,"caption":"David Morales"},"image":{"@id":"https:\/\/davidmoralesh.com\/es\/#\/schema\/logo\/image\/"}}]}},"_links":{"self":[{"href":"https:\/\/davidmoralesh.com\/es\/wp-json\/wp\/v2\/product\/4752","targetHints":{"allow":["GET"]}}],"collection":[{"href":"https:\/\/davidmoralesh.com\/es\/wp-json\/wp\/v2\/product"}],"about":[{"href":"https:\/\/davidmoralesh.com\/es\/wp-json\/wp\/v2\/types\/product"}],"replies":[{"embeddable":true,"href":"https:\/\/davidmoralesh.com\/es\/wp-json\/wp\/v2\/comments?post=4752"}],"version-history":[{"count":2,"href":"https:\/\/davidmoralesh.com\/es\/wp-json\/wp\/v2\/product\/4752\/revisions"}],"predecessor-version":[{"id":4761,"href":"https:\/\/davidmoralesh.com\/es\/wp-json\/wp\/v2\/product\/4752\/revisions\/4761"}],"wp:featuredmedia":[{"embeddable":true,"href":"https:\/\/davidmoralesh.com\/es\/wp-json\/wp\/v2\/media\/4759"}],"wp:attachment":[{"href":"https:\/\/davidmoralesh.com\/es\/wp-json\/wp\/v2\/media?parent=4752"}],"wp:term":[{"taxonomy":"product_brand","embeddable":true,"href":"https:\/\/davidmoralesh.com\/es\/wp-json\/wp\/v2\/product_brand?post=4752"},{"taxonomy":"product_cat","embeddable":true,"href":"https:\/\/davidmoralesh.com\/es\/wp-json\/wp\/v2\/product_cat?post=4752"},{"taxonomy":"product_tag","embeddable":true,"href":"https:\/\/davidmoralesh.com\/es\/wp-json\/wp\/v2\/product_tag?post=4752"}],"curies":[{"name":"wp","href":"https:\/\/api.w.org\/{rel}","templated":true}]}}